{"id":6,"date":"2020-12-15T07:29:04","date_gmt":"2020-12-15T07:29:04","guid":{"rendered":"https:\/\/jupiterx.artbees.net\/app-4\/?page_id=6"},"modified":"2025-02-13T11:26:43","modified_gmt":"2025-02-13T11:26:43","slug":"home","status":"publish","type":"page","link":"https:\/\/musify.info\/","title":{"rendered":"Home"},"content":{"rendered":"\t\t<div data-elementor-type=\"wp-page\" data-elementor-id=\"6\" class=\"elementor elementor-6\">\n\t\t\t\t\t\t<section class=\"elementor-section elementor-top-section elementor-element elementor-element-9339090 elementor-section-height-min-height elementor-section-boxed elementor-section-height-default elementor-section-items-middle\" data-id=\"9339090\" data-element_type=\"section\" data-e-type=\"section\" data-settings=\"{&quot;background_background&quot;:&quot;slideshow&quot;,&quot;background_slideshow_gallery&quot;:[{&quot;id&quot;:379,&quot;url&quot;:&quot;https:\\\/\\\/musify.info\\\/wp-content\\\/uploads\\\/2023\\\/02\\\/Mann-spielt-Piano-Musify-Mietinstrumente.png&quot;},{&quot;id&quot;:378,&quot;url&quot;:&quot;https:\\\/\\\/musify.info\\\/wp-content\\\/uploads\\\/2023\\\/02\\\/Frau-mit-Gitarre-Musify-Mietinstrumente.png&quot;},{&quot;id&quot;:377,&quot;url&quot;:&quot;https:\\\/\\\/musify.info\\\/wp-content\\\/uploads\\\/2023\\\/02\\\/Frau-mit-Cello-Musify-Mietinstrumente.png&quot;}],&quot;background_slideshow_transition_duration&quot;:750,&quot;background_slideshow_loop&quot;:&quot;yes&quot;,&quot;background_slideshow_slide_duration&quot;:5000,&quot;background_slideshow_slide_transition&quot;:&quot;fade&quot;}\">\n\t\t\t\t\t\t\t<div class=\"elementor-background-overlay\"><\/div>\n\t\t\t\t\t\t\t<div class=\"elementor-container elementor-column-gap-default\">\n\t\t\t\t\t<div class=\"elementor-column elementor-col-50 elementor-top-column elementor-element elementor-element-33c876b\" data-id=\"33c876b\" data-element_type=\"column\" data-e-type=\"column\">\n\t\t\t<div class=\"elementor-widget-wrap elementor-element-populated\">\n\t\t\t\t\t\t<div class=\"elementor-element elementor-element-e34cf1e elementor-widget elementor-widget-heading\" data-id=\"e34cf1e\" data-element_type=\"widget\" data-e-type=\"widget\" data-widget_type=\"heading.default\">\n\t\t\t\t<div class=\"elementor-widget-container\">\n\t\t\t\t\t<h1 class=\"elementor-heading-title elementor-size-xxl\">Musikinstrument mieten \u2013 Musify<\/h1>\t\t\t\t<\/div>\n\t\t\t\t<\/div>\n\t\t\t\t<div class=\"elementor-element elementor-element-d7bb097 elementor-widget__width-initial elementor-widget elementor-widget-text-editor\" data-id=\"d7bb097\" data-element_type=\"widget\" data-e-type=\"widget\" data-widget_type=\"text-editor.default\">\n\t\t\t\t<div class=\"elementor-widget-container\">\n\t\t\t\t\t\t\t\t\t<p style=\"font-weight: 400; text-align: left;\">Sicher und einfach dein Trauminstrument bei einer Musik Hug Filiale in deiner N\u00e4he mieten.<\/p>\t\t\t\t\t\t\t\t<\/div>\n\t\t\t\t<\/div>\n\t\t\t\t\t<\/div>\n\t\t<\/div>\n\t\t\t\t<div class=\"elementor-column elementor-col-50 elementor-top-column elementor-element elementor-element-89c71b7\" data-id=\"89c71b7\" data-element_type=\"column\" data-e-type=\"column\">\n\t\t\t<div class=\"elementor-widget-wrap\">\n\t\t\t\t\t\t\t<\/div>\n\t\t<\/div>\n\t\t\t\t\t<\/div>\n\t\t<\/section>\n\t\t\t\t<section class=\"elementor-section elementor-top-section elementor-element elementor-element-9316ae9 elementor-section-boxed elementor-section-height-default elementor-section-height-default\" data-id=\"9316ae9\" data-element_type=\"section\" data-e-type=\"section\" id=\"features\">\n\t\t\t\t\t\t<div class=\"elementor-container elementor-column-gap-default\">\n\t\t\t\t\t<div class=\"elementor-column elementor-col-100 elementor-top-column elementor-element elementor-element-21af5c7\" data-id=\"21af5c7\" data-element_type=\"column\" data-e-type=\"column\">\n\t\t\t<div class=\"elementor-widget-wrap elementor-element-populated\">\n\t\t\t\t\t\t<div class=\"elementor-element elementor-element-bd94a82 elementor-widget elementor-widget-heading\" data-id=\"bd94a82\" data-element_type=\"widget\" data-e-type=\"widget\" data-widget_type=\"heading.default\">\n\t\t\t\t<div class=\"elementor-widget-container\">\n\t\t\t\t\t<h2 class=\"elementor-heading-title elementor-size-default\">Musify your life<\/h2>\t\t\t\t<\/div>\n\t\t\t\t<\/div>\n\t\t\t\t<div class=\"elementor-element elementor-element-69684cd elementor-widget elementor-widget-text-editor\" data-id=\"69684cd\" data-element_type=\"widget\" data-e-type=\"widget\" data-widget_type=\"text-editor.default\">\n\t\t\t\t<div class=\"elementor-widget-container\">\n\t\t\t\t\t\t\t\t\t<p style=\"font-weight: 400;\">Musify erm\u00f6glicht es dir dein Traum-Musikinstrument nach Hause zu nehmen \u2013 mit einem individuellen Mietvertrag, der auf deine Bed\u00fcrfnisse zugeschnitten ist.<\/p>\t\t\t\t\t\t\t\t<\/div>\n\t\t\t\t<\/div>\n\t\t\t\t\t<\/div>\n\t\t<\/div>\n\t\t\t\t\t<\/div>\n\t\t<\/section>\n\t\t\t\t<section class=\"elementor-section elementor-top-section elementor-element elementor-element-d8cd1de elementor-section-boxed elementor-section-height-default elementor-section-height-default\" data-id=\"d8cd1de\" data-element_type=\"section\" data-e-type=\"section\">\n\t\t\t\t\t\t<div class=\"elementor-container elementor-column-gap-default\">\n\t\t\t\t\t<div class=\"elementor-column elementor-col-100 elementor-top-column elementor-element elementor-element-d87922e\" data-id=\"d87922e\" data-element_type=\"column\" data-e-type=\"column\">\n\t\t\t<div class=\"elementor-widget-wrap elementor-element-populated\">\n\t\t\t\t\t\t<div class=\"elementor-element elementor-element-907b4c2 elementor-widget elementor-widget-heading\" data-id=\"907b4c2\" data-element_type=\"widget\" data-e-type=\"widget\" data-widget_type=\"heading.default\">\n\t\t\t\t<div class=\"elementor-widget-container\">\n\t\t\t\t\t<h2 class=\"elementor-heading-title elementor-size-default\">So individuell wie du \u2013 dein Mietvertrag mit Musify<\/h2>\t\t\t\t<\/div>\n\t\t\t\t<\/div>\n\t\t\t\t<div class=\"elementor-element elementor-element-2c2c0c2 elementor-widget elementor-widget-text-editor\" data-id=\"2c2c0c2\" data-element_type=\"widget\" data-e-type=\"widget\" data-widget_type=\"text-editor.default\">\n\t\t\t\t<div class=\"elementor-widget-container\">\n\t\t\t\t\t\t\t\t\t<p style=\"font-weight: 400;\">Musify bietet dir bedarfsgerechte Mietl\u00f6sungen mit k\u00fcndbaren Mietvertr\u00e4gen und variablen Laufzeiten ab 12 Monaten an. Folge deiner musikalischen Passion, ganz ohne finanzielles Risiko.<\/p>\t\t\t\t\t\t\t\t<\/div>\n\t\t\t\t<\/div>\n\t\t\t\t<section class=\"elementor-section elementor-inner-section elementor-element elementor-element-31eb932 elementor-section-boxed elementor-section-height-default elementor-section-height-default\" data-id=\"31eb932\" data-element_type=\"section\" data-e-type=\"section\">\n\t\t\t\t\t\t<div class=\"elementor-container elementor-column-gap-default\">\n\t\t\t\t\t<div class=\"elementor-column elementor-col-33 elementor-inner-column elementor-element elementor-element-9182cf1\" data-id=\"9182cf1\" data-element_type=\"column\" data-e-type=\"column\" data-settings=\"{&quot;background_background&quot;:&quot;classic&quot;}\">\n\t\t\t<div class=\"elementor-widget-wrap elementor-element-populated\">\n\t\t\t\t\t\t<div class=\"elementor-element elementor-element-a9a373e elementor-vertical-align-top elementor-widget elementor-widget-image-box\" data-id=\"a9a373e\" data-element_type=\"widget\" data-e-type=\"widget\" data-widget_type=\"image-box.default\">\n\t\t\t\t<div class=\"elementor-widget-container\">\n\t\t\t\t\t<div class=\"elementor-image-box-wrapper\"><div class=\"elementor-image-box-content\"><h4 class=\"elementor-image-box-title\">1.\tEntscheide welches Musikinstrument du m\u00f6chtest<\/h4><p class=\"elementor-image-box-description\">Unsere Fachspezialistinnen und Spezialisten in unseren Filialen stehen dir bei der Wahl f\u00fcr das passende Musikinstrument mit Rat und Tat zur Seite.<\/p><\/div><\/div>\t\t\t\t<\/div>\n\t\t\t\t<\/div>\n\t\t\t\t\t<\/div>\n\t\t<\/div>\n\t\t\t\t<div class=\"elementor-column elementor-col-33 elementor-inner-column elementor-element elementor-element-98a9298\" data-id=\"98a9298\" data-element_type=\"column\" data-e-type=\"column\" data-settings=\"{&quot;background_background&quot;:&quot;classic&quot;}\">\n\t\t\t<div class=\"elementor-widget-wrap elementor-element-populated\">\n\t\t\t\t\t\t<div class=\"elementor-element elementor-element-83a88c8 elementor-vertical-align-top elementor-widget elementor-widget-image-box\" data-id=\"83a88c8\" data-element_type=\"widget\" data-e-type=\"widget\" data-widget_type=\"image-box.default\">\n\t\t\t\t<div class=\"elementor-widget-container\">\n\t\t\t\t\t<div class=\"elementor-image-box-wrapper\"><div class=\"elementor-image-box-content\"><h4 class=\"elementor-image-box-title\">2.\tW\u00e4hle die Mietbedingung, die am besten zu dir passt<\/h4><p class=\"elementor-image-box-description\">Definiere zusammen mit Musify die Laufzeit deines Mietvertrags und vereinbare die monatliche Mietrate. <\/p><\/div><\/div>\t\t\t\t<\/div>\n\t\t\t\t<\/div>\n\t\t\t\t\t<\/div>\n\t\t<\/div>\n\t\t\t\t<div class=\"elementor-column elementor-col-33 elementor-inner-column elementor-element elementor-element-b2e2b32\" data-id=\"b2e2b32\" data-element_type=\"column\" data-e-type=\"column\" data-settings=\"{&quot;background_background&quot;:&quot;classic&quot;}\">\n\t\t\t<div class=\"elementor-widget-wrap elementor-element-populated\">\n\t\t\t\t\t\t<div class=\"elementor-element elementor-element-fb2def8 elementor-vertical-align-top elementor-widget elementor-widget-image-box\" data-id=\"fb2def8\" data-element_type=\"widget\" data-e-type=\"widget\" data-widget_type=\"image-box.default\">\n\t\t\t\t<div class=\"elementor-widget-container\">\n\t\t\t\t\t<div class=\"elementor-image-box-wrapper\"><div class=\"elementor-image-box-content\"><h4 class=\"elementor-image-box-title\">3. Mieten und musizieren<\/h4><p class=\"elementor-image-box-description\">Erfreue dich an deinem Traum-Musikinstrument zum abgemachten Mietpreis.<\/p><\/div><\/div>\t\t\t\t<\/div>\n\t\t\t\t<\/div>\n\t\t\t\t\t<\/div>\n\t\t<\/div>\n\t\t\t\t\t<\/div>\n\t\t<\/section>\n\t\t\t\t\t<\/div>\n\t\t<\/div>\n\t\t\t\t\t<\/div>\n\t\t<\/section>\n\t\t\t\t<section class=\"elementor-section elementor-top-section elementor-element elementor-element-68ecb45 elementor-section-boxed elementor-section-height-default elementor-section-height-default\" data-id=\"68ecb45\" data-element_type=\"section\" data-e-type=\"section\">\n\t\t\t\t\t\t<div class=\"elementor-container elementor-column-gap-default\">\n\t\t\t\t\t<div class=\"elementor-column elementor-col-50 elementor-top-column elementor-element elementor-element-976e9a1\" data-id=\"976e9a1\" data-element_type=\"column\" data-e-type=\"column\">\n\t\t\t<div class=\"elementor-widget-wrap elementor-element-populated\">\n\t\t\t\t\t\t<div class=\"elementor-element elementor-element-400c8cd elementor-widget elementor-widget-image\" data-id=\"400c8cd\" data-element_type=\"widget\" data-e-type=\"widget\" data-widget_type=\"image.default\">\n\t\t\t\t<div class=\"elementor-widget-container\">\n\t\t\t\t\t\t\t\t\t\t\t\t\t\t\t<img fetchpriority=\"high\" decoding=\"async\" width=\"1024\" height=\"1024\" src=\"https:\/\/musify.info\/wp-content\/uploads\/2023\/02\/Junge-Frau-mit-gemieteter-Gitarre-1024x1024.png\" class=\"attachment-large size-large wp-image-318\" alt=\"\" srcset=\"https:\/\/musify.info\/wp-content\/uploads\/2023\/02\/Junge-Frau-mit-gemieteter-Gitarre-1024x1024.png 1024w, https:\/\/musify.info\/wp-content\/uploads\/2023\/02\/Junge-Frau-mit-gemieteter-Gitarre-300x300.png 300w, https:\/\/musify.info\/wp-content\/uploads\/2023\/02\/Junge-Frau-mit-gemieteter-Gitarre-150x150.png 150w, https:\/\/musify.info\/wp-content\/uploads\/2023\/02\/Junge-Frau-mit-gemieteter-Gitarre-768x768.png 768w, https:\/\/musify.info\/wp-content\/uploads\/2023\/02\/Junge-Frau-mit-gemieteter-Gitarre-500x500.png 500w, https:\/\/musify.info\/wp-content\/uploads\/2023\/02\/Junge-Frau-mit-gemieteter-Gitarre.png 1080w\" sizes=\"(max-width: 1024px) 100vw, 1024px\" \/>\t\t\t\t\t\t\t\t\t\t\t\t\t\t\t<\/div>\n\t\t\t\t<\/div>\n\t\t\t\t\t<\/div>\n\t\t<\/div>\n\t\t\t\t<div class=\"elementor-column elementor-col-50 elementor-top-column elementor-element elementor-element-4470494\" data-id=\"4470494\" data-element_type=\"column\" data-e-type=\"column\">\n\t\t\t<div class=\"elementor-widget-wrap elementor-element-populated\">\n\t\t\t\t\t\t<div class=\"elementor-element elementor-element-2d3595c elementor-widget elementor-widget-heading\" data-id=\"2d3595c\" data-element_type=\"widget\" data-e-type=\"widget\" data-widget_type=\"heading.default\">\n\t\t\t\t<div class=\"elementor-widget-container\">\n\t\t\t\t\t<h2 class=\"elementor-heading-title elementor-size-default\">Grosse Auswahl an Musikinstrumenten<\/h2>\t\t\t\t<\/div>\n\t\t\t\t<\/div>\n\t\t\t\t<div class=\"elementor-element elementor-element-255b6c6 elementor-widget elementor-widget-text-editor\" data-id=\"255b6c6\" data-element_type=\"widget\" data-e-type=\"widget\" data-widget_type=\"text-editor.default\">\n\t\t\t\t<div class=\"elementor-widget-container\">\n\t\t\t\t\t\t\t\t\t<p style=\"font-weight: 400;\">Dir steht eine grosse Auswahl an Miet-Musikinstrumenten zur Verf\u00fcgung. Finde bei Musik Hug das passende Instrument f\u00fcr dich.<\/p>\t\t\t\t\t\t\t\t<\/div>\n\t\t\t\t<\/div>\n\t\t\t\t<div class=\"elementor-element elementor-element-4e9d0ae elementor-mobile-align-center elementor-widget elementor-widget-button\" data-id=\"4e9d0ae\" data-element_type=\"widget\" data-e-type=\"widget\" data-widget_type=\"button.default\">\n\t\t\t\t<div class=\"elementor-widget-container\">\n\t\t\t\t\t\t\t\t\t<div class=\"elementor-button-wrapper\">\n\t\t\t\t\t<a class=\"elementor-button elementor-button-link elementor-size-sm\" href=\"https:\/\/www.musikhug.ch\/de\/services\/miete\/\">\n\t\t\t\t\t\t<span class=\"elementor-button-content-wrapper\">\n\t\t\t\t\t\t\t\t\t<span class=\"elementor-button-text\">Informationen zur Miete \u00bb<\/span>\n\t\t\t\t\t<\/span>\n\t\t\t\t\t<\/a>\n\t\t\t\t<\/div>\n\t\t\t\t\t\t\t\t<\/div>\n\t\t\t\t<\/div>\n\t\t\t\t\t<\/div>\n\t\t<\/div>\n\t\t\t\t\t<\/div>\n\t\t<\/section>\n\t\t\t\t<section class=\"elementor-section elementor-top-section elementor-element elementor-element-98eb328 elementor-section-boxed elementor-section-height-default elementor-section-height-default\" data-id=\"98eb328\" data-element_type=\"section\" data-e-type=\"section\">\n\t\t\t\t\t\t<div class=\"elementor-container elementor-column-gap-default\">\n\t\t\t\t\t<div class=\"elementor-column elementor-col-50 elementor-top-column elementor-element elementor-element-4a9f1a4\" data-id=\"4a9f1a4\" data-element_type=\"column\" data-e-type=\"column\">\n\t\t\t<div class=\"elementor-widget-wrap elementor-element-populated\">\n\t\t\t\t\t\t<div class=\"elementor-element elementor-element-ca14a43 elementor-widget elementor-widget-heading\" data-id=\"ca14a43\" data-element_type=\"widget\" data-e-type=\"widget\" data-widget_type=\"heading.default\">\n\t\t\t\t<div class=\"elementor-widget-container\">\n\t\t\t\t\t<h2 class=\"elementor-heading-title elementor-size-default\">Mieten direkt vor Ort<\/h2>\t\t\t\t<\/div>\n\t\t\t\t<\/div>\n\t\t\t\t<div class=\"elementor-element elementor-element-433571a elementor-widget elementor-widget-text-editor\" data-id=\"433571a\" data-element_type=\"widget\" data-e-type=\"widget\" data-widget_type=\"text-editor.default\">\n\t\t\t\t<div class=\"elementor-widget-container\">\n\t\t\t\t\t\t\t\t\t<p style=\"font-weight: 400;\">Erfreue dich an deinem Traum-Musikinstrument zum abgemachten Mietpreis.<\/p>\t\t\t\t\t\t\t\t<\/div>\n\t\t\t\t<\/div>\n\t\t\t\t<div class=\"elementor-element elementor-element-fbb4dfd elementor-mobile-align-center elementor-widget elementor-widget-button\" data-id=\"fbb4dfd\" data-element_type=\"widget\" data-e-type=\"widget\" data-widget_type=\"button.default\">\n\t\t\t\t<div class=\"elementor-widget-container\">\n\t\t\t\t\t\t\t\t\t<div class=\"elementor-button-wrapper\">\n\t\t\t\t\t<a class=\"elementor-button elementor-button-link elementor-size-sm\" href=\"https:\/\/www.musikhug.ch\/de\/standorte\/\" target=\"_blank\">\n\t\t\t\t\t\t<span class=\"elementor-button-content-wrapper\">\n\t\t\t\t\t\t\t\t\t<span class=\"elementor-button-text\">Filiale finden \u00bb<\/span>\n\t\t\t\t\t<\/span>\n\t\t\t\t\t<\/a>\n\t\t\t\t<\/div>\n\t\t\t\t\t\t\t\t<\/div>\n\t\t\t\t<\/div>\n\t\t\t\t\t<\/div>\n\t\t<\/div>\n\t\t\t\t<div class=\"elementor-column elementor-col-50 elementor-top-column elementor-element elementor-element-23699a0\" data-id=\"23699a0\" data-element_type=\"column\" data-e-type=\"column\">\n\t\t\t<div class=\"elementor-widget-wrap elementor-element-populated\">\n\t\t\t\t\t\t<div class=\"elementor-element elementor-element-774adfe elementor-widget elementor-widget-image\" data-id=\"774adfe\" data-element_type=\"widget\" data-e-type=\"widget\" data-widget_type=\"image.default\">\n\t\t\t\t<div class=\"elementor-widget-container\">\n\t\t\t\t\t\t\t\t\t\t\t\t\t\t\t<img decoding=\"async\" width=\"1024\" height=\"1024\" src=\"https:\/\/musify.info\/wp-content\/uploads\/2023\/02\/Junge-Frau-sucht-nach-Musik-Hug-Standort-1024x1024.png\" class=\"attachment-large size-large wp-image-319\" alt=\"\" srcset=\"https:\/\/musify.info\/wp-content\/uploads\/2023\/02\/Junge-Frau-sucht-nach-Musik-Hug-Standort-1024x1024.png 1024w, https:\/\/musify.info\/wp-content\/uploads\/2023\/02\/Junge-Frau-sucht-nach-Musik-Hug-Standort-300x300.png 300w, https:\/\/musify.info\/wp-content\/uploads\/2023\/02\/Junge-Frau-sucht-nach-Musik-Hug-Standort-150x150.png 150w, https:\/\/musify.info\/wp-content\/uploads\/2023\/02\/Junge-Frau-sucht-nach-Musik-Hug-Standort-768x768.png 768w, https:\/\/musify.info\/wp-content\/uploads\/2023\/02\/Junge-Frau-sucht-nach-Musik-Hug-Standort-500x500.png 500w, https:\/\/musify.info\/wp-content\/uploads\/2023\/02\/Junge-Frau-sucht-nach-Musik-Hug-Standort.png 1080w\" sizes=\"(max-width: 1024px) 100vw, 1024px\" \/>\t\t\t\t\t\t\t\t\t\t\t\t\t\t\t<\/div>\n\t\t\t\t<\/div>\n\t\t\t\t\t<\/div>\n\t\t<\/div>\n\t\t\t\t\t<\/div>\n\t\t<\/section>\n\t\t\t\t<section class=\"elementor-section elementor-top-section elementor-element elementor-element-74297149 elementor-section-height-min-height elementor-section-boxed elementor-section-height-default elementor-section-items-middle\" data-id=\"74297149\" data-element_type=\"section\" data-e-type=\"section\" data-settings=\"{&quot;background_background&quot;:&quot;gradient&quot;}\">\n\t\t\t\t\t\t<div class=\"elementor-container elementor-column-gap-default\">\n\t\t\t\t\t<div class=\"elementor-column elementor-col-100 elementor-top-column elementor-element elementor-element-3bb68e64\" data-id=\"3bb68e64\" data-element_type=\"column\" data-e-type=\"column\">\n\t\t\t<div class=\"elementor-widget-wrap elementor-element-populated\">\n\t\t\t\t\t\t<div class=\"elementor-element elementor-element-9410e1f elementor-align-center elementor-widget elementor-widget-button\" data-id=\"9410e1f\" data-element_type=\"widget\" data-e-type=\"widget\" data-widget_type=\"button.default\">\n\t\t\t\t<div class=\"elementor-widget-container\">\n\t\t\t\t\t\t\t\t\t<div class=\"elementor-button-wrapper\">\n\t\t\t\t\t<a class=\"elementor-button elementor-button-link elementor-size-sm\" href=\"https:\/\/musikhug.activehosted.com\/f\/59\">\n\t\t\t\t\t\t<span class=\"elementor-button-content-wrapper\">\n\t\t\t\t\t\t\t\t\t<span class=\"elementor-button-text\">JETZT ANFRAGEN \u00bb<\/span>\n\t\t\t\t\t<\/span>\n\t\t\t\t\t<\/a>\n\t\t\t\t<\/div>\n\t\t\t\t\t\t\t\t<\/div>\n\t\t\t\t<\/div>\n\t\t\t\t\t<\/div>\n\t\t<\/div>\n\t\t\t\t\t<\/div>\n\t\t<\/section>\n\t\t\t\t<\/div>\n\t\t","protected":false},"excerpt":{"rendered":"<p>Musikinstrument mieten \u2013 Musify Sicher und einfach dein Trauminstrument bei einer Musik Hug Filiale in deiner N\u00e4he mieten. Musify your life Musify erm\u00f6glicht es dir dein Traum-Musikinstrument nach Hause zu nehmen \u2013 mit einem individuellen Mietvertrag, der auf deine Bed\u00fcrfnisse zugeschnitten ist. So individuell wie du \u2013 dein Mietvertrag mit Musify Musify bietet dir bedarfsgerechte [&hellip;]<\/p>\n","protected":false},"author":1,"featured_media":0,"parent":0,"menu_order":0,"comment_status":"closed","ping_status":"closed","template":"elementor_header_footer","meta":{"_acf_changed":false,"footnotes":""},"class_list":["post-6","page","type-page","status-publish","hentry"],"acf":[],"_links":{"self":[{"href":"https:\/\/musify.info\/index.php\/wp-json\/wp\/v2\/pages\/6","targetHints":{"allow":["GET"]}}],"collection":[{"href":"https:\/\/musify.info\/index.php\/wp-json\/wp\/v2\/pages"}],"about":[{"href":"https:\/\/musify.info\/index.php\/wp-json\/wp\/v2\/types\/page"}],"author":[{"embeddable":true,"href":"https:\/\/musify.info\/index.php\/wp-json\/wp\/v2\/users\/1"}],"replies":[{"embeddable":true,"href":"https:\/\/musify.info\/index.php\/wp-json\/wp\/v2\/comments?post=6"}],"version-history":[{"count":133,"href":"https:\/\/musify.info\/index.php\/wp-json\/wp\/v2\/pages\/6\/revisions"}],"predecessor-version":[{"id":429,"href":"https:\/\/musify.info\/index.php\/wp-json\/wp\/v2\/pages\/6\/revisions\/429"}],"wp:attachment":[{"href":"https:\/\/musify.info\/index.php\/wp-json\/wp\/v2\/media?parent=6"}],"curies":[{"name":"wp","href":"https:\/\/api.w.org\/{rel}","templated":true}]}}